{"id":2353,"date":"2020-12-08T16:40:49","date_gmt":"2020-12-08T16:40:49","guid":{"rendered":"https:\/\/sahlstenskincare.se\/\/sahlsten_shop\/?post_type=product&#038;p=2353"},"modified":"2023-12-01T13:02:00","modified_gmt":"2023-12-01T13:02:00","slug":"presentkort-1500kr","status":"publish","type":"product","link":"https:\/\/sahlstenskincare.se\/sahlsten_shop\/produkt\/presentkort-1500kr\/","title":{"rendered":"Presentkort 1500kr"},"content":{"rendered":"<p style=\"text-align: left;\">Presentkort med v\u00e4rde 1500kr, g\u00e4ller vid k\u00f6p av produkt eller behandling hos Sahlsten skin care clinic.<\/p>\n<div class=\"\" style=\"text-align: left;\">Presentkortet \u00e4r giltigt i ett \u00e5r fr\u00e5n ink\u00f6psdatum.<\/div>\n<div class=\"\" style=\"text-align: left;\">Kortet kan ej v\u00e4xlas in till kontanter, ej heller helt eller delvis \u00e5terk\u00f6p.<\/div>\n<div class=\"\" style=\"text-align: left;\">Kan laddas endast vid ett k\u00f6ptillf\u00e4lle, och har inget v\u00e4rde f\u00f6rr\u00e4n det \u00e4r inregistrerat i kassan.<\/div>\n<div class=\"\" style=\"text-align: left;\">Fr\u00e5gor om saldo kontakta Sahlsten Hudv\u00e5rd AB Tfn: 08 615 24 07.<\/div>\n<div class=\"\" style=\"text-align: left;\">Hantera kortet som en v\u00e4rdehandling, borttappat kort kan\u00a0ej ers\u00e4ttas eller sp\u00e4rras.<\/div>\n","protected":false},"excerpt":{"rendered":"<p>Presentkort med v\u00e4rde 1500kr, g\u00e4ller vid k\u00f6p av produkt eller behandling p\u00e5 Sahlsten skin care clinic.<\/p>\n","protected":false},"featured_media":2357,"template":"","meta":[],"product_cat":[353],"product_tag":[468,364],"class_list":{"0":"post-2353","1":"product","2":"type-product","3":"status-publish","4":"has-post-thumbnail","6":"product_cat-presentkort","7":"product_tag-presentkort","8":"product_tag-upplevelse","10":"entry","11":"has-media","13":"first","14":"instock","15":"taxable","16":"shipping-taxable","17":"purchasable","18":"product-type-simple","19":"col","20":"span_1_of_3","21":"owp-content-center","22":"owp-thumbs-layout-vertical","23":"owp-btn-normal","24":"owp-tabs-layout-horizontal","25":"has-no-thumbnails"},"brands":[],"yoast_head":"<!-- This site is optimized with the Yoast SEO plugin v19.8 - https:\/\/yoast.com\/wordpress\/plugins\/seo\/ -->\n<title>Presentkort 1500kr - Sahlst\u00e9n Skin Care Clinic<\/title>\n<meta name=\"description\" content=\"Presentkort med v\u00e4rde av 1500kr. G\u00e4ller vid k\u00f6p av produkt eller behandling hos Sahlsten skin care clinic.\" \/>\n<meta name=\"robots\" content=\"index, follow, max-snippet:-1, max-image-preview:large, max-video-preview:-1\" \/>\n<link rel=\"canonical\" href=\"https:\/\/sahlstenskincare.se\/sahlsten_shop\/produkt\/presentkort-1500kr\/\" \/>\n<meta property=\"og:locale\" content=\"sv_SE\" \/>\n<meta property=\"og:type\" content=\"article\" \/>\n<meta property=\"og:title\" content=\"Presentkort 1500kr - Sahlst\u00e9n Skin Care Clinic\" \/>\n<meta property=\"og:description\" content=\"Presentkort med v\u00e4rde av 1500kr. G\u00e4ller vid k\u00f6p av produkt eller behandling hos Sahlsten skin care clinic.\" \/>\n<meta property=\"og:url\" content=\"https:\/\/sahlstenskincare.se\/sahlsten_shop\/produkt\/presentkort-1500kr\/\" \/>\n<meta property=\"og:site_name\" content=\"Sahlst\u00e9n Skin Care Clinic\" \/>\n<meta property=\"article:modified_time\" content=\"2023-12-01T13:02:00+00:00\" \/>\n<meta property=\"og:image\" content=\"https:\/\/sahlstenskincare.se\/sahlsten_shop\/wp-content\/uploads\/2020\/12\/logo.jpg\" \/>\n\t<meta property=\"og:image:width\" content=\"500\" \/>\n\t<meta property=\"og:image:height\" content=\"500\" \/>\n\t<meta property=\"og:image:type\" content=\"image\/jpeg\" \/>\n<meta name=\"twitter:card\" content=\"summary_large_image\" \/>\n<script type=\"application\/ld+json\" class=\"yoast-schema-graph\">{\"@context\":\"https:\/\/schema.org\",\"@graph\":[{\"@type\":\"WebPage\",\"@id\":\"https:\/\/sahlstenskincare.se\/sahlsten_shop\/produkt\/presentkort-1500kr\/\",\"url\":\"https:\/\/sahlstenskincare.se\/sahlsten_shop\/produkt\/presentkort-1500kr\/\",\"name\":\"Presentkort 1500kr - Sahlst\u00e9n Skin Care Clinic\",\"isPartOf\":{\"@id\":\"https:\/\/sahlstenskincare.se\/sahlsten_shop\/#website\"},\"datePublished\":\"2020-12-08T16:40:49+00:00\",\"dateModified\":\"2023-12-01T13:02:00+00:00\",\"description\":\"Presentkort med v\u00e4rde av 1500kr. G\u00e4ller vid k\u00f6p av produkt eller behandling hos Sahlsten skin care clinic.\",\"breadcrumb\":{\"@id\":\"https:\/\/sahlstenskincare.se\/sahlsten_shop\/produkt\/presentkort-1500kr\/#breadcrumb\"},\"inLanguage\":\"sv-SE\",\"potentialAction\":[{\"@type\":\"ReadAction\",\"target\":[\"https:\/\/sahlstenskincare.se\/sahlsten_shop\/produkt\/presentkort-1500kr\/\"]}]},{\"@type\":\"BreadcrumbList\",\"@id\":\"https:\/\/sahlstenskincare.se\/sahlsten_shop\/produkt\/presentkort-1500kr\/#breadcrumb\",\"itemListElement\":[{\"@type\":\"ListItem\",\"position\":1,\"name\":\"Hem\",\"item\":\"https:\/\/sahlstenskincare.se\/sahlsten_shop\/\"},{\"@type\":\"ListItem\",\"position\":2,\"name\":\"Shop\",\"item\":\"https:\/\/sahlstenskincare.se\/sahlsten_shop\/shop\/\"},{\"@type\":\"ListItem\",\"position\":3,\"name\":\"Presentkort 1500kr\"}]},{\"@type\":\"WebSite\",\"@id\":\"https:\/\/sahlstenskincare.se\/sahlsten_shop\/#website\",\"url\":\"https:\/\/sahlstenskincare.se\/sahlsten_shop\/\",\"name\":\"Sahlst\u00e9n Skin Care Clinic\",\"description\":\"Professionell och personlig avancerad hudv\u00e5rd p\u00e5 S\u00f6dermalm, Stockholm\",\"publisher\":{\"@id\":\"https:\/\/sahlstenskincare.se\/sahlsten_shop\/#organization\"},\"potentialAction\":[{\"@type\":\"SearchAction\",\"target\":{\"@type\":\"EntryPoint\",\"urlTemplate\":\"https:\/\/sahlstenskincare.se\/sahlsten_shop\/?s={search_term_string}\"},\"query-input\":\"required name=search_term_string\"}],\"inLanguage\":\"sv-SE\"},{\"@type\":\"Organization\",\"@id\":\"https:\/\/sahlstenskincare.se\/sahlsten_shop\/#organization\",\"name\":\"Sahlst\u00e9n skincare\",\"url\":\"https:\/\/sahlstenskincare.se\/sahlsten_shop\/\",\"sameAs\":[],\"logo\":{\"@type\":\"ImageObject\",\"inLanguage\":\"sv-SE\",\"@id\":\"https:\/\/sahlstenskincare.se\/sahlsten_shop\/#\/schema\/logo\/image\/\",\"url\":\"https:\/\/sahlstenskincare.se\/sahlsten_shop\/wp-content\/uploads\/2020\/12\/logo.jpg\",\"contentUrl\":\"https:\/\/sahlstenskincare.se\/sahlsten_shop\/wp-content\/uploads\/2020\/12\/logo.jpg\",\"width\":500,\"height\":500,\"caption\":\"Sahlst\u00e9n skincare\"},\"image\":{\"@id\":\"https:\/\/sahlstenskincare.se\/sahlsten_shop\/#\/schema\/logo\/image\/\"}}]}<\/script>\n<!-- \/ Yoast SEO plugin. -->","yoast_head_json":{"title":"Presentkort 1500kr - Sahlst\u00e9n Skin Care Clinic","description":"Presentkort med v\u00e4rde av 1500kr. G\u00e4ller vid k\u00f6p av produkt eller behandling hos Sahlsten skin care clinic.","robots":{"index":"index","follow":"follow","max-snippet":"max-snippet:-1","max-image-preview":"max-image-preview:large","max-video-preview":"max-video-preview:-1"},"canonical":"https:\/\/sahlstenskincare.se\/sahlsten_shop\/produkt\/presentkort-1500kr\/","og_locale":"sv_SE","og_type":"article","og_title":"Presentkort 1500kr - Sahlst\u00e9n Skin Care Clinic","og_description":"Presentkort med v\u00e4rde av 1500kr. G\u00e4ller vid k\u00f6p av produkt eller behandling hos Sahlsten skin care clinic.","og_url":"https:\/\/sahlstenskincare.se\/sahlsten_shop\/produkt\/presentkort-1500kr\/","og_site_name":"Sahlst\u00e9n Skin Care Clinic","article_modified_time":"2023-12-01T13:02:00+00:00","og_image":[{"width":500,"height":500,"url":"https:\/\/sahlstenskincare.se\/sahlsten_shop\/wp-content\/uploads\/2020\/12\/logo.jpg","type":"image\/jpeg"}],"twitter_card":"summary_large_image","schema":{"@context":"https:\/\/schema.org","@graph":[{"@type":"WebPage","@id":"https:\/\/sahlstenskincare.se\/sahlsten_shop\/produkt\/presentkort-1500kr\/","url":"https:\/\/sahlstenskincare.se\/sahlsten_shop\/produkt\/presentkort-1500kr\/","name":"Presentkort 1500kr - Sahlst\u00e9n Skin Care Clinic","isPartOf":{"@id":"https:\/\/sahlstenskincare.se\/sahlsten_shop\/#website"},"datePublished":"2020-12-08T16:40:49+00:00","dateModified":"2023-12-01T13:02:00+00:00","description":"Presentkort med v\u00e4rde av 1500kr. G\u00e4ller vid k\u00f6p av produkt eller behandling hos Sahlsten skin care clinic.","breadcrumb":{"@id":"https:\/\/sahlstenskincare.se\/sahlsten_shop\/produkt\/presentkort-1500kr\/#breadcrumb"},"inLanguage":"sv-SE","potentialAction":[{"@type":"ReadAction","target":["https:\/\/sahlstenskincare.se\/sahlsten_shop\/produkt\/presentkort-1500kr\/"]}]},{"@type":"BreadcrumbList","@id":"https:\/\/sahlstenskincare.se\/sahlsten_shop\/produkt\/presentkort-1500kr\/#breadcrumb","itemListElement":[{"@type":"ListItem","position":1,"name":"Hem","item":"https:\/\/sahlstenskincare.se\/sahlsten_shop\/"},{"@type":"ListItem","position":2,"name":"Shop","item":"https:\/\/sahlstenskincare.se\/sahlsten_shop\/shop\/"},{"@type":"ListItem","position":3,"name":"Presentkort 1500kr"}]},{"@type":"WebSite","@id":"https:\/\/sahlstenskincare.se\/sahlsten_shop\/#website","url":"https:\/\/sahlstenskincare.se\/sahlsten_shop\/","name":"Sahlst\u00e9n Skin Care Clinic","description":"Professionell och personlig avancerad hudv\u00e5rd p\u00e5 S\u00f6dermalm, Stockholm","publisher":{"@id":"https:\/\/sahlstenskincare.se\/sahlsten_shop\/#organization"},"potentialAction":[{"@type":"SearchAction","target":{"@type":"EntryPoint","urlTemplate":"https:\/\/sahlstenskincare.se\/sahlsten_shop\/?s={search_term_string}"},"query-input":"required name=search_term_string"}],"inLanguage":"sv-SE"},{"@type":"Organization","@id":"https:\/\/sahlstenskincare.se\/sahlsten_shop\/#organization","name":"Sahlst\u00e9n skincare","url":"https:\/\/sahlstenskincare.se\/sahlsten_shop\/","sameAs":[],"logo":{"@type":"ImageObject","inLanguage":"sv-SE","@id":"https:\/\/sahlstenskincare.se\/sahlsten_shop\/#\/schema\/logo\/image\/","url":"https:\/\/sahlstenskincare.se\/sahlsten_shop\/wp-content\/uploads\/2020\/12\/logo.jpg","contentUrl":"https:\/\/sahlstenskincare.se\/sahlsten_shop\/wp-content\/uploads\/2020\/12\/logo.jpg","width":500,"height":500,"caption":"Sahlst\u00e9n skincare"},"image":{"@id":"https:\/\/sahlstenskincare.se\/sahlsten_shop\/#\/schema\/logo\/image\/"}}]}},"_links":{"self":[{"href":"https:\/\/sahlstenskincare.se\/sahlsten_shop\/wp-json\/wp\/v2\/product\/2353","targetHints":{"allow":["GET"]}}],"collection":[{"href":"https:\/\/sahlstenskincare.se\/sahlsten_shop\/wp-json\/wp\/v2\/product"}],"about":[{"href":"https:\/\/sahlstenskincare.se\/sahlsten_shop\/wp-json\/wp\/v2\/types\/product"}],"wp:featuredmedia":[{"embeddable":true,"href":"https:\/\/sahlstenskincare.se\/sahlsten_shop\/wp-json\/wp\/v2\/media\/2357"}],"wp:attachment":[{"href":"https:\/\/sahlstenskincare.se\/sahlsten_shop\/wp-json\/wp\/v2\/media?parent=2353"}],"wp:term":[{"taxonomy":"product_cat","embeddable":true,"href":"https:\/\/sahlstenskincare.se\/sahlsten_shop\/wp-json\/wp\/v2\/product_cat?post=2353"},{"taxonomy":"product_tag","embeddable":true,"href":"https:\/\/sahlstenskincare.se\/sahlsten_shop\/wp-json\/wp\/v2\/product_tag?post=2353"}],"curies":[{"name":"wp","href":"https:\/\/api.w.org\/{rel}","templated":true}]}}