{"id":4944,"date":"2024-02-29T15:28:26","date_gmt":"2024-02-29T15:28:26","guid":{"rendered":"https:\/\/sahlstenskincare.se\/sahlsten_shop\/?post_type=product&#038;p=4944"},"modified":"2026-03-01T15:11:23","modified_gmt":"2026-03-01T15:11:23","slug":"avokado-oil-15ml","status":"publish","type":"product","link":"https:\/\/sahlstenskincare.se\/sahlsten_shop\/produkt\/avokado-oil-15ml\/","title":{"rendered":"Marja Entrich Avocado Oil 15ml"},"content":{"rendered":"<div class=\"page\" title=\"Page 21\">\n<div class=\"section\">\n<div class=\"layoutArea\">\n<div class=\"column\">\n<div class=\"page\" title=\"Page 19\">\n<div class=\"section\">\n<div class=\"layoutArea\">\n<div class=\"column\">\n<p>Avocado Oil \u00e4r rik p\u00e5 vitamin A,D,E och mineraler som p\u00e5 ett naturligt s\u00e4tt hj\u00e4lper huden att absorbera vitaminer. Befr\u00e4mjar effektivt cellernas f\u00f6rnyelse, skyddar och st\u00e4rker hud med ytliga blodk\u00e4rl. G\u00f6r huden mjukare, smidigare samt bevarar huden elastisk och sl\u00e4t. Anv\u00e4nd dagligen efter reng\u00f6ring och under fuktkr\u00e4m. Passar \u00e4ven fet hud.<\/p>\n<\/div>\n<\/div>\n<\/div>\n<\/div>\n<p>&nbsp;<\/p>\n<p>Ingredienser:<\/p>\n<p>Persea gratissima (Avocado) Oil*, Parfum, Tocopherol. *ingredient proceeding from organic farming.<\/p>\n<\/div>\n<\/div>\n<\/div>\n<\/div>\n","protected":false},"excerpt":{"rendered":"<p>Avocado Oil \u00e4r rik p\u00e5 vitamin A,D,E och mineraler som p\u00e5 ett naturligt s\u00e4tt hj\u00e4lper huden att absorbera vitaminer. Befr\u00e4mjar effektivt cellernas f\u00f6rnyelse, skyddar och st\u00e4rker hud med ytliga blodk\u00e4rl. G\u00f6r huden mjukare, smidigare samt bevarar huden elastisk och sl\u00e4t. Anv\u00e4nd dagligen efter reng\u00f6ring och under fuktkr\u00e4m. Passar \u00e4ven fet hud. &nbsp; Ingredienser: Persea gratissima [&hellip;]<\/p>\n","protected":false},"featured_media":5533,"template":"","meta":[],"product_cat":[338,326],"product_tag":[591,494],"class_list":{"0":"post-4944","1":"product","2":"type-product","3":"status-publish","4":"has-post-thumbnail","6":"pwb-brand-marjaentrich","7":"product_cat-ansikte","8":"product_cat-serum-olja-essence","9":"product_tag-facial-oil","10":"product_tag-olja","12":"entry","13":"has-media","15":"first","16":"instock","17":"taxable","18":"shipping-taxable","19":"purchasable","20":"product-type-simple","21":"col","22":"span_1_of_3","23":"owp-content-center","24":"owp-thumbs-layout-vertical","25":"owp-btn-normal","26":"owp-tabs-layout-horizontal","27":"has-no-thumbnails"},"brands":[{"id":590,"name":"Marja Entrich","slug":"marjaentrich"}],"yoast_head":"<!-- This site is optimized with the Yoast SEO plugin v19.8 - https:\/\/yoast.com\/wordpress\/plugins\/seo\/ -->\n<title>Marja Entrich Avocado Oil 15ml - Sahlst\u00e9n Skin Care Clinic<\/title>\n<meta name=\"robots\" content=\"index, follow, max-snippet:-1, max-image-preview:large, max-video-preview:-1\" \/>\n<link rel=\"canonical\" href=\"https:\/\/sahlstenskincare.se\/sahlsten_shop\/produkt\/avokado-oil-15ml\/\" \/>\n<meta property=\"og:locale\" content=\"sv_SE\" \/>\n<meta property=\"og:type\" content=\"article\" \/>\n<meta property=\"og:title\" content=\"Marja Entrich Avocado Oil 15ml - Sahlst\u00e9n Skin Care Clinic\" \/>\n<meta property=\"og:description\" content=\"Avocado Oil \u00e4r rik p\u00e5 vitamin A,D,E och mineraler som p\u00e5 ett naturligt s\u00e4tt hj\u00e4lper huden att absorbera vitaminer. Befr\u00e4mjar effektivt cellernas f\u00f6rnyelse, skyddar och st\u00e4rker hud med ytliga blodk\u00e4rl. G\u00f6r huden mjukare, smidigare samt bevarar huden elastisk och sl\u00e4t. Anv\u00e4nd dagligen efter reng\u00f6ring och under fuktkr\u00e4m. Passar \u00e4ven fet hud. &nbsp; Ingredienser: Persea gratissima [&hellip;]\" \/>\n<meta property=\"og:url\" content=\"https:\/\/sahlstenskincare.se\/sahlsten_shop\/produkt\/avokado-oil-15ml\/\" \/>\n<meta property=\"og:site_name\" content=\"Sahlst\u00e9n Skin Care Clinic\" \/>\n<meta property=\"article:modified_time\" content=\"2026-03-01T15:11:23+00:00\" \/>\n<meta property=\"og:image\" content=\"https:\/\/sahlstenskincare.se\/sahlsten_shop\/wp-content\/uploads\/2024\/02\/avocado-oil.jpg\" \/>\n\t<meta property=\"og:image:width\" content=\"500\" \/>\n\t<meta property=\"og:image:height\" content=\"500\" \/>\n\t<meta property=\"og:image:type\" content=\"image\/jpeg\" \/>\n<meta name=\"twitter:card\" content=\"summary_large_image\" \/>\n<script type=\"application\/ld+json\" class=\"yoast-schema-graph\">{\"@context\":\"https:\/\/schema.org\",\"@graph\":[{\"@type\":\"WebPage\",\"@id\":\"https:\/\/sahlstenskincare.se\/sahlsten_shop\/produkt\/avokado-oil-15ml\/\",\"url\":\"https:\/\/sahlstenskincare.se\/sahlsten_shop\/produkt\/avokado-oil-15ml\/\",\"name\":\"Marja Entrich Avocado Oil 15ml - Sahlst\u00e9n Skin Care Clinic\",\"isPartOf\":{\"@id\":\"https:\/\/sahlstenskincare.se\/sahlsten_shop\/#website\"},\"datePublished\":\"2024-02-29T15:28:26+00:00\",\"dateModified\":\"2026-03-01T15:11:23+00:00\",\"breadcrumb\":{\"@id\":\"https:\/\/sahlstenskincare.se\/sahlsten_shop\/produkt\/avokado-oil-15ml\/#breadcrumb\"},\"inLanguage\":\"sv-SE\",\"potentialAction\":[{\"@type\":\"ReadAction\",\"target\":[\"https:\/\/sahlstenskincare.se\/sahlsten_shop\/produkt\/avokado-oil-15ml\/\"]}]},{\"@type\":\"BreadcrumbList\",\"@id\":\"https:\/\/sahlstenskincare.se\/sahlsten_shop\/produkt\/avokado-oil-15ml\/#breadcrumb\",\"itemListElement\":[{\"@type\":\"ListItem\",\"position\":1,\"name\":\"Hem\",\"item\":\"https:\/\/sahlstenskincare.se\/sahlsten_shop\/\"},{\"@type\":\"ListItem\",\"position\":2,\"name\":\"Shop\",\"item\":\"https:\/\/sahlstenskincare.se\/sahlsten_shop\/shop\/\"},{\"@type\":\"ListItem\",\"position\":3,\"name\":\"Marja Entrich Avocado Oil 15ml\"}]},{\"@type\":\"WebSite\",\"@id\":\"https:\/\/sahlstenskincare.se\/sahlsten_shop\/#website\",\"url\":\"https:\/\/sahlstenskincare.se\/sahlsten_shop\/\",\"name\":\"Sahlst\u00e9n Skin Care Clinic\",\"description\":\"Professionell och personlig avancerad hudv\u00e5rd p\u00e5 S\u00f6dermalm, Stockholm\",\"publisher\":{\"@id\":\"https:\/\/sahlstenskincare.se\/sahlsten_shop\/#organization\"},\"potentialAction\":[{\"@type\":\"SearchAction\",\"target\":{\"@type\":\"EntryPoint\",\"urlTemplate\":\"https:\/\/sahlstenskincare.se\/sahlsten_shop\/?s={search_term_string}\"},\"query-input\":\"required name=search_term_string\"}],\"inLanguage\":\"sv-SE\"},{\"@type\":\"Organization\",\"@id\":\"https:\/\/sahlstenskincare.se\/sahlsten_shop\/#organization\",\"name\":\"Sahlst\u00e9n skincare\",\"url\":\"https:\/\/sahlstenskincare.se\/sahlsten_shop\/\",\"sameAs\":[],\"logo\":{\"@type\":\"ImageObject\",\"inLanguage\":\"sv-SE\",\"@id\":\"https:\/\/sahlstenskincare.se\/sahlsten_shop\/#\/schema\/logo\/image\/\",\"url\":\"https:\/\/sahlstenskincare.se\/sahlsten_shop\/wp-content\/uploads\/2020\/12\/logo.jpg\",\"contentUrl\":\"https:\/\/sahlstenskincare.se\/sahlsten_shop\/wp-content\/uploads\/2020\/12\/logo.jpg\",\"width\":500,\"height\":500,\"caption\":\"Sahlst\u00e9n skincare\"},\"image\":{\"@id\":\"https:\/\/sahlstenskincare.se\/sahlsten_shop\/#\/schema\/logo\/image\/\"}}]}<\/script>\n<!-- \/ Yoast SEO plugin. -->","yoast_head_json":{"title":"Marja Entrich Avocado Oil 15ml - Sahlst\u00e9n Skin Care Clinic","robots":{"index":"index","follow":"follow","max-snippet":"max-snippet:-1","max-image-preview":"max-image-preview:large","max-video-preview":"max-video-preview:-1"},"canonical":"https:\/\/sahlstenskincare.se\/sahlsten_shop\/produkt\/avokado-oil-15ml\/","og_locale":"sv_SE","og_type":"article","og_title":"Marja Entrich Avocado Oil 15ml - Sahlst\u00e9n Skin Care Clinic","og_description":"Avocado Oil \u00e4r rik p\u00e5 vitamin A,D,E och mineraler som p\u00e5 ett naturligt s\u00e4tt hj\u00e4lper huden att absorbera vitaminer. Befr\u00e4mjar effektivt cellernas f\u00f6rnyelse, skyddar och st\u00e4rker hud med ytliga blodk\u00e4rl. G\u00f6r huden mjukare, smidigare samt bevarar huden elastisk och sl\u00e4t. Anv\u00e4nd dagligen efter reng\u00f6ring och under fuktkr\u00e4m. Passar \u00e4ven fet hud. &nbsp; Ingredienser: Persea gratissima [&hellip;]","og_url":"https:\/\/sahlstenskincare.se\/sahlsten_shop\/produkt\/avokado-oil-15ml\/","og_site_name":"Sahlst\u00e9n Skin Care Clinic","article_modified_time":"2026-03-01T15:11:23+00:00","og_image":[{"width":500,"height":500,"url":"https:\/\/sahlstenskincare.se\/sahlsten_shop\/wp-content\/uploads\/2024\/02\/avocado-oil.jpg","type":"image\/jpeg"}],"twitter_card":"summary_large_image","schema":{"@context":"https:\/\/schema.org","@graph":[{"@type":"WebPage","@id":"https:\/\/sahlstenskincare.se\/sahlsten_shop\/produkt\/avokado-oil-15ml\/","url":"https:\/\/sahlstenskincare.se\/sahlsten_shop\/produkt\/avokado-oil-15ml\/","name":"Marja Entrich Avocado Oil 15ml - Sahlst\u00e9n Skin Care Clinic","isPartOf":{"@id":"https:\/\/sahlstenskincare.se\/sahlsten_shop\/#website"},"datePublished":"2024-02-29T15:28:26+00:00","dateModified":"2026-03-01T15:11:23+00:00","breadcrumb":{"@id":"https:\/\/sahlstenskincare.se\/sahlsten_shop\/produkt\/avokado-oil-15ml\/#breadcrumb"},"inLanguage":"sv-SE","potentialAction":[{"@type":"ReadAction","target":["https:\/\/sahlstenskincare.se\/sahlsten_shop\/produkt\/avokado-oil-15ml\/"]}]},{"@type":"BreadcrumbList","@id":"https:\/\/sahlstenskincare.se\/sahlsten_shop\/produkt\/avokado-oil-15ml\/#breadcrumb","itemListElement":[{"@type":"ListItem","position":1,"name":"Hem","item":"https:\/\/sahlstenskincare.se\/sahlsten_shop\/"},{"@type":"ListItem","position":2,"name":"Shop","item":"https:\/\/sahlstenskincare.se\/sahlsten_shop\/shop\/"},{"@type":"ListItem","position":3,"name":"Marja Entrich Avocado Oil 15ml"}]},{"@type":"WebSite","@id":"https:\/\/sahlstenskincare.se\/sahlsten_shop\/#website","url":"https:\/\/sahlstenskincare.se\/sahlsten_shop\/","name":"Sahlst\u00e9n Skin Care Clinic","description":"Professionell och personlig avancerad hudv\u00e5rd p\u00e5 S\u00f6dermalm, Stockholm","publisher":{"@id":"https:\/\/sahlstenskincare.se\/sahlsten_shop\/#organization"},"potentialAction":[{"@type":"SearchAction","target":{"@type":"EntryPoint","urlTemplate":"https:\/\/sahlstenskincare.se\/sahlsten_shop\/?s={search_term_string}"},"query-input":"required name=search_term_string"}],"inLanguage":"sv-SE"},{"@type":"Organization","@id":"https:\/\/sahlstenskincare.se\/sahlsten_shop\/#organization","name":"Sahlst\u00e9n skincare","url":"https:\/\/sahlstenskincare.se\/sahlsten_shop\/","sameAs":[],"logo":{"@type":"ImageObject","inLanguage":"sv-SE","@id":"https:\/\/sahlstenskincare.se\/sahlsten_shop\/#\/schema\/logo\/image\/","url":"https:\/\/sahlstenskincare.se\/sahlsten_shop\/wp-content\/uploads\/2020\/12\/logo.jpg","contentUrl":"https:\/\/sahlstenskincare.se\/sahlsten_shop\/wp-content\/uploads\/2020\/12\/logo.jpg","width":500,"height":500,"caption":"Sahlst\u00e9n skincare"},"image":{"@id":"https:\/\/sahlstenskincare.se\/sahlsten_shop\/#\/schema\/logo\/image\/"}}]}},"_links":{"self":[{"href":"https:\/\/sahlstenskincare.se\/sahlsten_shop\/wp-json\/wp\/v2\/product\/4944","targetHints":{"allow":["GET"]}}],"collection":[{"href":"https:\/\/sahlstenskincare.se\/sahlsten_shop\/wp-json\/wp\/v2\/product"}],"about":[{"href":"https:\/\/sahlstenskincare.se\/sahlsten_shop\/wp-json\/wp\/v2\/types\/product"}],"wp:featuredmedia":[{"embeddable":true,"href":"https:\/\/sahlstenskincare.se\/sahlsten_shop\/wp-json\/wp\/v2\/media\/5533"}],"wp:attachment":[{"href":"https:\/\/sahlstenskincare.se\/sahlsten_shop\/wp-json\/wp\/v2\/media?parent=4944"}],"wp:term":[{"taxonomy":"product_cat","embeddable":true,"href":"https:\/\/sahlstenskincare.se\/sahlsten_shop\/wp-json\/wp\/v2\/product_cat?post=4944"},{"taxonomy":"product_tag","embeddable":true,"href":"https:\/\/sahlstenskincare.se\/sahlsten_shop\/wp-json\/wp\/v2\/product_tag?post=4944"}],"curies":[{"name":"wp","href":"https:\/\/api.w.org\/{rel}","templated":true}]}}