{"id":5083,"date":"2024-07-09T13:15:54","date_gmt":"2024-07-09T13:15:54","guid":{"rendered":"https:\/\/sahlstenskincare.se\/sahlsten_shop\/?post_type=product&#038;p=5083"},"modified":"2025-04-07T13:29:48","modified_gmt":"2025-04-07T13:29:48","slug":"thatsso-golden-beauty-50ml-a-2st","status":"publish","type":"product","link":"https:\/\/sahlstenskincare.se\/sahlsten_shop\/produkt\/thatsso-golden-beauty-50ml-a-2st\/","title":{"rendered":"Thats\u2019so Golden Beauty 50ml \u00e1 2st"},"content":{"rendered":"<p><strong>H\u00d6STERBJUDANDE 20% rabatt vid k\u00f6p av tv\u00e5 stycken That&#8217;so Golden Beauty 50ml.<\/strong><\/p>\n<p>Paketerbjudande &#8211; 2st brun utan sol i sprayform med tillsatt bronzer och anti-aging extract. Ger en naturligt str\u00e5lande solbr\u00e4nna direkt efter applicering. Den underliggande processen i huden utvecklas inom loppet av 3-4 timmar och l\u00e4mnar huden djupt \u00e5terfuktad och gyllenbrun.<\/p>\n<p>Den patenterade formulan l\u00e4mnar inga fl\u00e4ckar n\u00e4r den kommer i kontakt med ljusa kl\u00e4der.<\/p>\n<p>OMEDELBAR BRONZINGEFFEKT SOM INTE F\u00c4RGAR AV SIG P\u00c5 LJUSA KL\u00c4DER.<\/p>\n<p>Medium bronzing effekt f\u00f6r ansikte och dekolletage, varar i ca 2 dagar. 4% DHA<\/p>\n","protected":false},"excerpt":{"rendered":"<p>Brun utan sol lotion spray, med en doft av karakteristisk mandel.\u00a0Ger en gyllene omedelbar solbr\u00e4nna p\u00e5 ansikte och dekolletage.<\/p>\n","protected":false},"featured_media":5093,"template":"","meta":[],"product_cat":[592,354,311],"product_tag":[],"class_list":{"0":"post-5083","1":"product","2":"type-product","3":"status-publish","4":"has-post-thumbnail","6":"pwb-brand-thatso-on-the-go-dark-sun-makeup-on-the-go-dark-on-the-go-extra-dark-brun-utan-sol-spray","7":"product_cat-erbjudande","8":"product_cat-sol-bus","9":"product_cat-brun-utan-sol","11":"entry","12":"has-media","14":"first","15":"instock","16":"sale","17":"taxable","18":"shipping-taxable","19":"purchasable","20":"product-type-simple","21":"col","22":"span_1_of_3","23":"owp-content-center","24":"owp-thumbs-layout-vertical","25":"owp-btn-normal","26":"owp-tabs-layout-horizontal","27":"has-no-thumbnails"},"brands":[{"id":40,"name":"That'so Sun Make Up","slug":"thatso-on-the-go-dark-sun-makeup-on-the-go-dark-on-the-go-extra-dark-brun-utan-sol-spray"}],"yoast_head":"<!-- This site is optimized with the Yoast SEO plugin v19.8 - https:\/\/yoast.com\/wordpress\/plugins\/seo\/ -->\n<title>Thats\u2019so Golden Beauty 50ml \u00e1 2st - Sahlst\u00e9n Skin Care Clinic<\/title>\n<meta name=\"description\" content=\"Brun utan sol lotion spray, med en doft av karakteristisk mandel. Ger en gyllene omedelbar solbr\u00e4nna utan skadliga UV str\u00e5lar.\" \/>\n<meta name=\"robots\" content=\"index, follow, max-snippet:-1, max-image-preview:large, max-video-preview:-1\" \/>\n<link rel=\"canonical\" href=\"https:\/\/sahlstenskincare.se\/sahlsten_shop\/produkt\/thatsso-golden-beauty-50ml-a-2st\/\" \/>\n<meta property=\"og:locale\" content=\"sv_SE\" \/>\n<meta property=\"og:type\" content=\"article\" \/>\n<meta property=\"og:title\" content=\"Thats\u2019so Golden Beauty 50ml \u00e1 2st - Sahlst\u00e9n Skin Care Clinic\" \/>\n<meta property=\"og:description\" content=\"Brun utan sol lotion spray, med en doft av karakteristisk mandel. Ger en gyllene omedelbar solbr\u00e4nna utan skadliga UV str\u00e5lar.\" \/>\n<meta property=\"og:url\" content=\"https:\/\/sahlstenskincare.se\/sahlsten_shop\/produkt\/thatsso-golden-beauty-50ml-a-2st\/\" \/>\n<meta property=\"og:site_name\" content=\"Sahlst\u00e9n Skin Care Clinic\" \/>\n<meta property=\"article:modified_time\" content=\"2025-04-07T13:29:48+00:00\" \/>\n<meta property=\"og:image\" content=\"https:\/\/sahlstenskincare.se\/sahlsten_shop\/wp-content\/uploads\/2024\/07\/thatso.png\" \/>\n\t<meta property=\"og:image:width\" content=\"3024\" \/>\n\t<meta property=\"og:image:height\" content=\"3780\" \/>\n\t<meta property=\"og:image:type\" content=\"image\/png\" \/>\n<meta name=\"twitter:card\" content=\"summary_large_image\" \/>\n<meta name=\"twitter:label1\" content=\"Ber\u00e4knad l\u00e4stid\" \/>\n\t<meta name=\"twitter:data1\" content=\"3 minuter\" \/>\n<script type=\"application\/ld+json\" class=\"yoast-schema-graph\">{\"@context\":\"https:\/\/schema.org\",\"@graph\":[{\"@type\":\"WebPage\",\"@id\":\"https:\/\/sahlstenskincare.se\/sahlsten_shop\/produkt\/thatsso-golden-beauty-50ml-a-2st\/\",\"url\":\"https:\/\/sahlstenskincare.se\/sahlsten_shop\/produkt\/thatsso-golden-beauty-50ml-a-2st\/\",\"name\":\"Thats\u2019so Golden Beauty 50ml \u00e1 2st - Sahlst\u00e9n Skin Care Clinic\",\"isPartOf\":{\"@id\":\"https:\/\/sahlstenskincare.se\/sahlsten_shop\/#website\"},\"datePublished\":\"2024-07-09T13:15:54+00:00\",\"dateModified\":\"2025-04-07T13:29:48+00:00\",\"description\":\"Brun utan sol lotion spray, med en doft av karakteristisk mandel. Ger en gyllene omedelbar solbr\u00e4nna utan skadliga UV str\u00e5lar.\",\"breadcrumb\":{\"@id\":\"https:\/\/sahlstenskincare.se\/sahlsten_shop\/produkt\/thatsso-golden-beauty-50ml-a-2st\/#breadcrumb\"},\"inLanguage\":\"sv-SE\",\"potentialAction\":[{\"@type\":\"ReadAction\",\"target\":[\"https:\/\/sahlstenskincare.se\/sahlsten_shop\/produkt\/thatsso-golden-beauty-50ml-a-2st\/\"]}]},{\"@type\":\"BreadcrumbList\",\"@id\":\"https:\/\/sahlstenskincare.se\/sahlsten_shop\/produkt\/thatsso-golden-beauty-50ml-a-2st\/#breadcrumb\",\"itemListElement\":[{\"@type\":\"ListItem\",\"position\":1,\"name\":\"Hem\",\"item\":\"https:\/\/sahlstenskincare.se\/sahlsten_shop\/\"},{\"@type\":\"ListItem\",\"position\":2,\"name\":\"Shop\",\"item\":\"https:\/\/sahlstenskincare.se\/sahlsten_shop\/shop\/\"},{\"@type\":\"ListItem\",\"position\":3,\"name\":\"Thats\u2019so Golden Beauty 50ml \u00e1 2st\"}]},{\"@type\":\"WebSite\",\"@id\":\"https:\/\/sahlstenskincare.se\/sahlsten_shop\/#website\",\"url\":\"https:\/\/sahlstenskincare.se\/sahlsten_shop\/\",\"name\":\"Sahlst\u00e9n Skin Care Clinic\",\"description\":\"Professionell och personlig avancerad hudv\u00e5rd p\u00e5 S\u00f6dermalm, Stockholm\",\"publisher\":{\"@id\":\"https:\/\/sahlstenskincare.se\/sahlsten_shop\/#organization\"},\"potentialAction\":[{\"@type\":\"SearchAction\",\"target\":{\"@type\":\"EntryPoint\",\"urlTemplate\":\"https:\/\/sahlstenskincare.se\/sahlsten_shop\/?s={search_term_string}\"},\"query-input\":\"required name=search_term_string\"}],\"inLanguage\":\"sv-SE\"},{\"@type\":\"Organization\",\"@id\":\"https:\/\/sahlstenskincare.se\/sahlsten_shop\/#organization\",\"name\":\"Sahlst\u00e9n skincare\",\"url\":\"https:\/\/sahlstenskincare.se\/sahlsten_shop\/\",\"sameAs\":[],\"logo\":{\"@type\":\"ImageObject\",\"inLanguage\":\"sv-SE\",\"@id\":\"https:\/\/sahlstenskincare.se\/sahlsten_shop\/#\/schema\/logo\/image\/\",\"url\":\"https:\/\/sahlstenskincare.se\/sahlsten_shop\/wp-content\/uploads\/2020\/12\/logo.jpg\",\"contentUrl\":\"https:\/\/sahlstenskincare.se\/sahlsten_shop\/wp-content\/uploads\/2020\/12\/logo.jpg\",\"width\":500,\"height\":500,\"caption\":\"Sahlst\u00e9n skincare\"},\"image\":{\"@id\":\"https:\/\/sahlstenskincare.se\/sahlsten_shop\/#\/schema\/logo\/image\/\"}}]}<\/script>\n<!-- \/ Yoast SEO plugin. -->","yoast_head_json":{"title":"Thats\u2019so Golden Beauty 50ml \u00e1 2st - Sahlst\u00e9n Skin Care Clinic","description":"Brun utan sol lotion spray, med en doft av karakteristisk mandel. Ger en gyllene omedelbar solbr\u00e4nna utan skadliga UV str\u00e5lar.","robots":{"index":"index","follow":"follow","max-snippet":"max-snippet:-1","max-image-preview":"max-image-preview:large","max-video-preview":"max-video-preview:-1"},"canonical":"https:\/\/sahlstenskincare.se\/sahlsten_shop\/produkt\/thatsso-golden-beauty-50ml-a-2st\/","og_locale":"sv_SE","og_type":"article","og_title":"Thats\u2019so Golden Beauty 50ml \u00e1 2st - Sahlst\u00e9n Skin Care Clinic","og_description":"Brun utan sol lotion spray, med en doft av karakteristisk mandel. Ger en gyllene omedelbar solbr\u00e4nna utan skadliga UV str\u00e5lar.","og_url":"https:\/\/sahlstenskincare.se\/sahlsten_shop\/produkt\/thatsso-golden-beauty-50ml-a-2st\/","og_site_name":"Sahlst\u00e9n Skin Care Clinic","article_modified_time":"2025-04-07T13:29:48+00:00","og_image":[{"width":3024,"height":3780,"url":"https:\/\/sahlstenskincare.se\/sahlsten_shop\/wp-content\/uploads\/2024\/07\/thatso.png","type":"image\/png"}],"twitter_card":"summary_large_image","twitter_misc":{"Ber\u00e4knad l\u00e4stid":"3 minuter"},"schema":{"@context":"https:\/\/schema.org","@graph":[{"@type":"WebPage","@id":"https:\/\/sahlstenskincare.se\/sahlsten_shop\/produkt\/thatsso-golden-beauty-50ml-a-2st\/","url":"https:\/\/sahlstenskincare.se\/sahlsten_shop\/produkt\/thatsso-golden-beauty-50ml-a-2st\/","name":"Thats\u2019so Golden Beauty 50ml \u00e1 2st - Sahlst\u00e9n Skin Care Clinic","isPartOf":{"@id":"https:\/\/sahlstenskincare.se\/sahlsten_shop\/#website"},"datePublished":"2024-07-09T13:15:54+00:00","dateModified":"2025-04-07T13:29:48+00:00","description":"Brun utan sol lotion spray, med en doft av karakteristisk mandel. Ger en gyllene omedelbar solbr\u00e4nna utan skadliga UV str\u00e5lar.","breadcrumb":{"@id":"https:\/\/sahlstenskincare.se\/sahlsten_shop\/produkt\/thatsso-golden-beauty-50ml-a-2st\/#breadcrumb"},"inLanguage":"sv-SE","potentialAction":[{"@type":"ReadAction","target":["https:\/\/sahlstenskincare.se\/sahlsten_shop\/produkt\/thatsso-golden-beauty-50ml-a-2st\/"]}]},{"@type":"BreadcrumbList","@id":"https:\/\/sahlstenskincare.se\/sahlsten_shop\/produkt\/thatsso-golden-beauty-50ml-a-2st\/#breadcrumb","itemListElement":[{"@type":"ListItem","position":1,"name":"Hem","item":"https:\/\/sahlstenskincare.se\/sahlsten_shop\/"},{"@type":"ListItem","position":2,"name":"Shop","item":"https:\/\/sahlstenskincare.se\/sahlsten_shop\/shop\/"},{"@type":"ListItem","position":3,"name":"Thats\u2019so Golden Beauty 50ml \u00e1 2st"}]},{"@type":"WebSite","@id":"https:\/\/sahlstenskincare.se\/sahlsten_shop\/#website","url":"https:\/\/sahlstenskincare.se\/sahlsten_shop\/","name":"Sahlst\u00e9n Skin Care Clinic","description":"Professionell och personlig avancerad hudv\u00e5rd p\u00e5 S\u00f6dermalm, Stockholm","publisher":{"@id":"https:\/\/sahlstenskincare.se\/sahlsten_shop\/#organization"},"potentialAction":[{"@type":"SearchAction","target":{"@type":"EntryPoint","urlTemplate":"https:\/\/sahlstenskincare.se\/sahlsten_shop\/?s={search_term_string}"},"query-input":"required name=search_term_string"}],"inLanguage":"sv-SE"},{"@type":"Organization","@id":"https:\/\/sahlstenskincare.se\/sahlsten_shop\/#organization","name":"Sahlst\u00e9n skincare","url":"https:\/\/sahlstenskincare.se\/sahlsten_shop\/","sameAs":[],"logo":{"@type":"ImageObject","inLanguage":"sv-SE","@id":"https:\/\/sahlstenskincare.se\/sahlsten_shop\/#\/schema\/logo\/image\/","url":"https:\/\/sahlstenskincare.se\/sahlsten_shop\/wp-content\/uploads\/2020\/12\/logo.jpg","contentUrl":"https:\/\/sahlstenskincare.se\/sahlsten_shop\/wp-content\/uploads\/2020\/12\/logo.jpg","width":500,"height":500,"caption":"Sahlst\u00e9n skincare"},"image":{"@id":"https:\/\/sahlstenskincare.se\/sahlsten_shop\/#\/schema\/logo\/image\/"}}]}},"_links":{"self":[{"href":"https:\/\/sahlstenskincare.se\/sahlsten_shop\/wp-json\/wp\/v2\/product\/5083","targetHints":{"allow":["GET"]}}],"collection":[{"href":"https:\/\/sahlstenskincare.se\/sahlsten_shop\/wp-json\/wp\/v2\/product"}],"about":[{"href":"https:\/\/sahlstenskincare.se\/sahlsten_shop\/wp-json\/wp\/v2\/types\/product"}],"wp:featuredmedia":[{"embeddable":true,"href":"https:\/\/sahlstenskincare.se\/sahlsten_shop\/wp-json\/wp\/v2\/media\/5093"}],"wp:attachment":[{"href":"https:\/\/sahlstenskincare.se\/sahlsten_shop\/wp-json\/wp\/v2\/media?parent=5083"}],"wp:term":[{"taxonomy":"product_cat","embeddable":true,"href":"https:\/\/sahlstenskincare.se\/sahlsten_shop\/wp-json\/wp\/v2\/product_cat?post=5083"},{"taxonomy":"product_tag","embeddable":true,"href":"https:\/\/sahlstenskincare.se\/sahlsten_shop\/wp-json\/wp\/v2\/product_tag?post=5083"}],"curies":[{"name":"wp","href":"https:\/\/api.w.org\/{rel}","templated":true}]}}