{"id":5243,"date":"2024-11-25T13:26:07","date_gmt":"2024-11-25T13:26:07","guid":{"rendered":"https:\/\/sahlstenskincare.se\/sahlsten_shop\/?post_type=product&#038;p=5243"},"modified":"2026-02-06T12:29:36","modified_gmt":"2026-02-06T12:29:36","slug":"dermaceutic-radiance-30ml","status":"publish","type":"product","link":"https:\/\/sahlstenskincare.se\/sahlsten_shop\/produkt\/dermaceutic-radiance-30ml\/","title":{"rendered":"Dermaceutic Radiance 30ml"},"content":{"rendered":"<p id=\"ArtikelnamnFalt\" class=\"col span_1_of_1\">Dermaceutic Radiance Expert Brightening Cream, nattcreme som ger huden en massiv lyster, jobbar p\u00e5 pigmentf\u00f6r\u00e4ndringar och j\u00e4mnar ut hudtonen.<\/p>\n<div><\/div>\n<div class=\"TextLang left active\">\n<p><strong>F\u00f6r vem?\u00a0<\/strong>Rekommenderas till dig som vill f\u00f6rebygga hudens \u00e5ldrande samt vill ge huden lyster.<\/p>\n<p><strong>Egenskaper:\u00a0<\/strong>J\u00e4mar ut hudstrukturen, minimerar pigmenteringar, j\u00e4mnar ut hudtonen, \u00e5terger lyster, behandlar fina linjer.<\/p>\n<p>Huvudibgredienser:<br \/>\n<em>&#8211; Kojic Acid:<\/em>\u00a0Kraftigt tonutj\u00e4mnande effekt p\u00e5 huden.<\/p>\n<p><em>&#8211; Niacinamid:<\/em>\u00a0En multifunktionell superingrediens, \u00e4ven k\u00e4nd som vitamin B3, ger energi till cellerna, st\u00f6djer viktiga enzymprocesser, \u00f6kar elasticitet, minskar porer samt verkar uppljusande p\u00e5 huden, d\u00e4mpar rodnad, minska inflammation och st\u00e4rka hudens barri\u00e4r.<\/p>\n<p><em>&#8211; Mandelsyra:\u00a0<\/em>AHA syra framtagen fr\u00e5n mandel med st\u00f6rre molekylstorlek som penetrerar l\u00e5ngsamt &#8211; optimalt f\u00f6r k\u00e4nslig hud. Mandelsyran verkar utj\u00e4mnande p\u00e5 hudstrukturen samt har antibakteriella egenskaper. Motverkar tillt\u00e4ppta porer.<\/p>\n<p><em>&#8211; Salicylsyra:<\/em>\u00a0Tas fr\u00e5n piltr\u00e4dets bark och \u00e4r en oljel\u00f6slig BHA-syra som reng\u00f6r och f\u00f6rhindrar tillt\u00e4ppta porer, \u00e4r talgreglerande och verkar antiinflammatoriskt. Motverkar uppkomst av acne och orenheter.<\/p>\n<p><em>&#8211; Tocopherol (E vitamin):\u00a0<\/em>En k\u00e4lla till\u00a0E-vitamin som fungerar som en effektiv antioxidant och skyddar huden mot fria radikaler. Dessutom har den naturligt fuktgivande egenskaper och en reducerande effekt p\u00e5 fina linjer.<\/p>\n<p><strong>Anv\u00e4ndning:\u00a0<\/strong>Applicera till natten p\u00e5 v\u00e4l rengjort ansikte. Appliceras ensam.\u00a0B\u00f6rja med att anv\u00e4nda cremen varannan natt, f\u00f6r inv\u00e4njning. F\u00f6r att sedan forts\u00e4tta med\u00a0 varannan till var tredje natt. Vid eventuella tecken p\u00e5 irritation minska anv\u00e4ndningsfrekvensen tills huden vant sig.<\/p>\n<p><strong>Ingredienser:\u00a0<\/strong><br \/>\nWater (Aqua), Paraffinum Liquidum, Cetearyl Alcohol, Arbutin, Kojic Acid, Niacinamide, Mandelic Acid, Salicylic Acid, Glycyrrhetinic Acid, Tocopherol, Ceteareth-12, Lecithin, Sodium Cetearyl Sulfate, Sodium Lauryl Sulfate, Ethylhexylglycerin, Benzyl Alcohol, Potassium Sorbate, Phenoxyethanol, Dimethicone, Disodium Phosphate, Dipotassium Phosphate, Sodium Hydroxide.<\/p>\n<\/div>\n","protected":false},"excerpt":{"rendered":"<p>Dermaceutic Radiance Expert Brightening Cream, nattcreme som ger huden en massiv lyster, jobbar p\u00e5 pigmentf\u00f6r\u00e4ndringar och j\u00e4mnar ut hudtonen.<\/p>\n","protected":false},"featured_media":5552,"template":"","meta":[],"product_cat":[338,325,330],"product_tag":[],"class_list":{"0":"post-5243","1":"product","2":"type-product","3":"status-publish","4":"has-post-thumbnail","6":"pwb-brand-dermaceutic-foamer5-foamer15-yellow-creme-light-ceutic-turn-over-c25-creme","7":"product_cat-ansikte","8":"product_cat-nattcreme","9":"product_cat-special-punktbehandling","11":"entry","12":"has-media","14":"first","15":"outofstock","16":"taxable","17":"shipping-taxable","18":"purchasable","19":"product-type-simple","20":"col","21":"span_1_of_3","22":"owp-content-center","23":"owp-thumbs-layout-vertical","24":"owp-btn-normal","25":"owp-tabs-layout-horizontal","26":"has-no-thumbnails"},"brands":[{"id":35,"name":"Dermaceutic","slug":"dermaceutic-foamer5-foamer15-yellow-creme-light-ceutic-turn-over-c25-creme"}],"yoast_head":"<!-- This site is optimized with the Yoast SEO plugin v19.8 - https:\/\/yoast.com\/wordpress\/plugins\/seo\/ -->\n<title>Dermaceutic Radiance 30ml - Sahlst\u00e9n Skin Care Clinic<\/title>\n<meta name=\"robots\" content=\"index, follow, max-snippet:-1, max-image-preview:large, max-video-preview:-1\" \/>\n<link rel=\"canonical\" href=\"https:\/\/sahlstenskincare.se\/sahlsten_shop\/produkt\/dermaceutic-radiance-30ml\/\" \/>\n<meta property=\"og:locale\" content=\"sv_SE\" \/>\n<meta property=\"og:type\" content=\"article\" \/>\n<meta property=\"og:title\" content=\"Dermaceutic Radiance 30ml - Sahlst\u00e9n Skin Care Clinic\" \/>\n<meta property=\"og:description\" content=\"Dermaceutic Radiance Expert Brightening Cream, nattcreme som ger huden en massiv lyster, jobbar p\u00e5 pigmentf\u00f6r\u00e4ndringar och j\u00e4mnar ut hudtonen.\" \/>\n<meta property=\"og:url\" content=\"https:\/\/sahlstenskincare.se\/sahlsten_shop\/produkt\/dermaceutic-radiance-30ml\/\" \/>\n<meta property=\"og:site_name\" content=\"Sahlst\u00e9n Skin Care Clinic\" \/>\n<meta property=\"article:modified_time\" content=\"2026-02-06T12:29:36+00:00\" \/>\n<meta property=\"og:image\" content=\"https:\/\/sahlstenskincare.se\/sahlsten_shop\/wp-content\/uploads\/2024\/11\/radiance.jpg\" \/>\n\t<meta property=\"og:image:width\" content=\"500\" \/>\n\t<meta property=\"og:image:height\" content=\"500\" \/>\n\t<meta property=\"og:image:type\" content=\"image\/jpeg\" \/>\n<meta name=\"twitter:card\" content=\"summary_large_image\" \/>\n<meta name=\"twitter:label1\" content=\"Ber\u00e4knad l\u00e4stid\" \/>\n\t<meta name=\"twitter:data1\" content=\"1 minut\" \/>\n<script type=\"application\/ld+json\" class=\"yoast-schema-graph\">{\"@context\":\"https:\/\/schema.org\",\"@graph\":[{\"@type\":\"WebPage\",\"@id\":\"https:\/\/sahlstenskincare.se\/sahlsten_shop\/produkt\/dermaceutic-radiance-30ml\/\",\"url\":\"https:\/\/sahlstenskincare.se\/sahlsten_shop\/produkt\/dermaceutic-radiance-30ml\/\",\"name\":\"Dermaceutic Radiance 30ml - Sahlst\u00e9n Skin Care Clinic\",\"isPartOf\":{\"@id\":\"https:\/\/sahlstenskincare.se\/sahlsten_shop\/#website\"},\"datePublished\":\"2024-11-25T13:26:07+00:00\",\"dateModified\":\"2026-02-06T12:29:36+00:00\",\"breadcrumb\":{\"@id\":\"https:\/\/sahlstenskincare.se\/sahlsten_shop\/produkt\/dermaceutic-radiance-30ml\/#breadcrumb\"},\"inLanguage\":\"sv-SE\",\"potentialAction\":[{\"@type\":\"ReadAction\",\"target\":[\"https:\/\/sahlstenskincare.se\/sahlsten_shop\/produkt\/dermaceutic-radiance-30ml\/\"]}]},{\"@type\":\"BreadcrumbList\",\"@id\":\"https:\/\/sahlstenskincare.se\/sahlsten_shop\/produkt\/dermaceutic-radiance-30ml\/#breadcrumb\",\"itemListElement\":[{\"@type\":\"ListItem\",\"position\":1,\"name\":\"Hem\",\"item\":\"https:\/\/sahlstenskincare.se\/sahlsten_shop\/\"},{\"@type\":\"ListItem\",\"position\":2,\"name\":\"Shop\",\"item\":\"https:\/\/sahlstenskincare.se\/sahlsten_shop\/shop\/\"},{\"@type\":\"ListItem\",\"position\":3,\"name\":\"Dermaceutic Radiance 30ml\"}]},{\"@type\":\"WebSite\",\"@id\":\"https:\/\/sahlstenskincare.se\/sahlsten_shop\/#website\",\"url\":\"https:\/\/sahlstenskincare.se\/sahlsten_shop\/\",\"name\":\"Sahlst\u00e9n Skin Care Clinic\",\"description\":\"Professionell och personlig avancerad hudv\u00e5rd p\u00e5 S\u00f6dermalm, Stockholm\",\"publisher\":{\"@id\":\"https:\/\/sahlstenskincare.se\/sahlsten_shop\/#organization\"},\"potentialAction\":[{\"@type\":\"SearchAction\",\"target\":{\"@type\":\"EntryPoint\",\"urlTemplate\":\"https:\/\/sahlstenskincare.se\/sahlsten_shop\/?s={search_term_string}\"},\"query-input\":\"required name=search_term_string\"}],\"inLanguage\":\"sv-SE\"},{\"@type\":\"Organization\",\"@id\":\"https:\/\/sahlstenskincare.se\/sahlsten_shop\/#organization\",\"name\":\"Sahlst\u00e9n skincare\",\"url\":\"https:\/\/sahlstenskincare.se\/sahlsten_shop\/\",\"sameAs\":[],\"logo\":{\"@type\":\"ImageObject\",\"inLanguage\":\"sv-SE\",\"@id\":\"https:\/\/sahlstenskincare.se\/sahlsten_shop\/#\/schema\/logo\/image\/\",\"url\":\"https:\/\/sahlstenskincare.se\/sahlsten_shop\/wp-content\/uploads\/2020\/12\/logo.jpg\",\"contentUrl\":\"https:\/\/sahlstenskincare.se\/sahlsten_shop\/wp-content\/uploads\/2020\/12\/logo.jpg\",\"width\":500,\"height\":500,\"caption\":\"Sahlst\u00e9n skincare\"},\"image\":{\"@id\":\"https:\/\/sahlstenskincare.se\/sahlsten_shop\/#\/schema\/logo\/image\/\"}}]}<\/script>\n<!-- \/ Yoast SEO plugin. -->","yoast_head_json":{"title":"Dermaceutic Radiance 30ml - Sahlst\u00e9n Skin Care Clinic","robots":{"index":"index","follow":"follow","max-snippet":"max-snippet:-1","max-image-preview":"max-image-preview:large","max-video-preview":"max-video-preview:-1"},"canonical":"https:\/\/sahlstenskincare.se\/sahlsten_shop\/produkt\/dermaceutic-radiance-30ml\/","og_locale":"sv_SE","og_type":"article","og_title":"Dermaceutic Radiance 30ml - Sahlst\u00e9n Skin Care Clinic","og_description":"Dermaceutic Radiance Expert Brightening Cream, nattcreme som ger huden en massiv lyster, jobbar p\u00e5 pigmentf\u00f6r\u00e4ndringar och j\u00e4mnar ut hudtonen.","og_url":"https:\/\/sahlstenskincare.se\/sahlsten_shop\/produkt\/dermaceutic-radiance-30ml\/","og_site_name":"Sahlst\u00e9n Skin Care Clinic","article_modified_time":"2026-02-06T12:29:36+00:00","og_image":[{"width":500,"height":500,"url":"https:\/\/sahlstenskincare.se\/sahlsten_shop\/wp-content\/uploads\/2024\/11\/radiance.jpg","type":"image\/jpeg"}],"twitter_card":"summary_large_image","twitter_misc":{"Ber\u00e4knad l\u00e4stid":"1 minut"},"schema":{"@context":"https:\/\/schema.org","@graph":[{"@type":"WebPage","@id":"https:\/\/sahlstenskincare.se\/sahlsten_shop\/produkt\/dermaceutic-radiance-30ml\/","url":"https:\/\/sahlstenskincare.se\/sahlsten_shop\/produkt\/dermaceutic-radiance-30ml\/","name":"Dermaceutic Radiance 30ml - Sahlst\u00e9n Skin Care Clinic","isPartOf":{"@id":"https:\/\/sahlstenskincare.se\/sahlsten_shop\/#website"},"datePublished":"2024-11-25T13:26:07+00:00","dateModified":"2026-02-06T12:29:36+00:00","breadcrumb":{"@id":"https:\/\/sahlstenskincare.se\/sahlsten_shop\/produkt\/dermaceutic-radiance-30ml\/#breadcrumb"},"inLanguage":"sv-SE","potentialAction":[{"@type":"ReadAction","target":["https:\/\/sahlstenskincare.se\/sahlsten_shop\/produkt\/dermaceutic-radiance-30ml\/"]}]},{"@type":"BreadcrumbList","@id":"https:\/\/sahlstenskincare.se\/sahlsten_shop\/produkt\/dermaceutic-radiance-30ml\/#breadcrumb","itemListElement":[{"@type":"ListItem","position":1,"name":"Hem","item":"https:\/\/sahlstenskincare.se\/sahlsten_shop\/"},{"@type":"ListItem","position":2,"name":"Shop","item":"https:\/\/sahlstenskincare.se\/sahlsten_shop\/shop\/"},{"@type":"ListItem","position":3,"name":"Dermaceutic Radiance 30ml"}]},{"@type":"WebSite","@id":"https:\/\/sahlstenskincare.se\/sahlsten_shop\/#website","url":"https:\/\/sahlstenskincare.se\/sahlsten_shop\/","name":"Sahlst\u00e9n Skin Care Clinic","description":"Professionell och personlig avancerad hudv\u00e5rd p\u00e5 S\u00f6dermalm, Stockholm","publisher":{"@id":"https:\/\/sahlstenskincare.se\/sahlsten_shop\/#organization"},"potentialAction":[{"@type":"SearchAction","target":{"@type":"EntryPoint","urlTemplate":"https:\/\/sahlstenskincare.se\/sahlsten_shop\/?s={search_term_string}"},"query-input":"required name=search_term_string"}],"inLanguage":"sv-SE"},{"@type":"Organization","@id":"https:\/\/sahlstenskincare.se\/sahlsten_shop\/#organization","name":"Sahlst\u00e9n skincare","url":"https:\/\/sahlstenskincare.se\/sahlsten_shop\/","sameAs":[],"logo":{"@type":"ImageObject","inLanguage":"sv-SE","@id":"https:\/\/sahlstenskincare.se\/sahlsten_shop\/#\/schema\/logo\/image\/","url":"https:\/\/sahlstenskincare.se\/sahlsten_shop\/wp-content\/uploads\/2020\/12\/logo.jpg","contentUrl":"https:\/\/sahlstenskincare.se\/sahlsten_shop\/wp-content\/uploads\/2020\/12\/logo.jpg","width":500,"height":500,"caption":"Sahlst\u00e9n skincare"},"image":{"@id":"https:\/\/sahlstenskincare.se\/sahlsten_shop\/#\/schema\/logo\/image\/"}}]}},"_links":{"self":[{"href":"https:\/\/sahlstenskincare.se\/sahlsten_shop\/wp-json\/wp\/v2\/product\/5243","targetHints":{"allow":["GET"]}}],"collection":[{"href":"https:\/\/sahlstenskincare.se\/sahlsten_shop\/wp-json\/wp\/v2\/product"}],"about":[{"href":"https:\/\/sahlstenskincare.se\/sahlsten_shop\/wp-json\/wp\/v2\/types\/product"}],"wp:featuredmedia":[{"embeddable":true,"href":"https:\/\/sahlstenskincare.se\/sahlsten_shop\/wp-json\/wp\/v2\/media\/5552"}],"wp:attachment":[{"href":"https:\/\/sahlstenskincare.se\/sahlsten_shop\/wp-json\/wp\/v2\/media?parent=5243"}],"wp:term":[{"taxonomy":"product_cat","embeddable":true,"href":"https:\/\/sahlstenskincare.se\/sahlsten_shop\/wp-json\/wp\/v2\/product_cat?post=5243"},{"taxonomy":"product_tag","embeddable":true,"href":"https:\/\/sahlstenskincare.se\/sahlsten_shop\/wp-json\/wp\/v2\/product_tag?post=5243"}],"curies":[{"name":"wp","href":"https:\/\/api.w.org\/{rel}","templated":true}]}}