{"id":914,"date":"2018-10-01T15:09:30","date_gmt":"2018-10-01T15:09:30","guid":{"rendered":"http:\/\/34.255.161.113\/product\/import-placeholder-for-1565\/"},"modified":"2025-06-04T10:25:58","modified_gmt":"2025-06-04T10:25:58","slug":"dermaceutic-tri-vita-c30","status":"publish","type":"product","link":"https:\/\/sahlstenskincare.se\/sahlsten_shop\/produkt\/dermaceutic-tri-vita-c30\/","title":{"rendered":"Dermaceutic Tri Vita C30"},"content":{"rendered":"<p style=\"text-align: left;\">Dermaceutic Tri Vita C30<\/p>\n<p style=\"text-align: left;\">Tri Vita C30 inneh\u00e5ller tre olika sorters\u00a0C-vitamin 30% och med den h\u00f6gsta till\u00e5tna dosen p\u00e5 marknaden. Den innovativa kombinationen av tre former av vitamin C f\u00f6r att n\u00e5 alla hudlager och ge effekt \u00f6ver en l\u00e4ngre tid. Vitamin E &amp; Ferulsyra Estrar \u00e4r k\u00e4nda antioxidanter som \u00f6kar och f\u00f6rb\u00e4ttrar verkan av vitamin C.\u00a0Serumet motverkar oxidativ stress orsakad\u00a0av UV-exponering, aktiverar kollagenbildningen, f\u00f6rb\u00e4ttrar hudens elasticitet, j\u00e4mnar ut hudtonen samt jobbar lugnande vid hudinflammation. Dessutom ger den en fantastisk lyster! Parfymfri.<\/p>\n<ul>\n<li style=\"text-align: left;\">Serum som f\u00f6rhindrar oj\u00e4mn\u00a0pigmentering samt f\u00f6rb\u00e4ttrar hudens struktur.<\/li>\n<li style=\"text-align: left;\">G\u00f6r huden mjuk, elastisk och lugn.<\/li>\n<li style=\"text-align: left;\">Passar alla hudtyper, vid extra k\u00e4nslig hud appliceras en mindre m\u00e4ngd, blanda med din vanliga dag creme.<\/li>\n<li style=\"text-align: left;\">F\u00f6r b\u00e4sta resultat, skydda huden med\u00a0Dermaceutic Sun Ceutic Spf50\u00a0dagligen.<\/li>\n<\/ul>\n","protected":false},"excerpt":{"rendered":"<p>Tri Vita C30 inneh\u00e5ller tre olika sorters\u00a0C-vitamin 30% den h\u00f6gsta till\u00e5tna dosen p\u00e5 marknaden.<\/p>\n","protected":false},"featured_media":4457,"template":"","meta":[],"product_cat":[331,338,326,330],"product_tag":[508,88,208,103],"class_list":{"0":"post-914","1":"product","2":"type-product","3":"status-publish","4":"has-post-thumbnail","6":"pwb-brand-dermaceutic-foamer5-foamer15-yellow-creme-light-ceutic-turn-over-c25-creme","7":"product_cat-24h","8":"product_cat-ansikte","9":"product_cat-serum-olja-essence","10":"product_cat-special-punktbehandling","11":"product_tag-c-vitamin","12":"product_tag-dermaceutic","13":"product_tag-tri-vita-c30","14":"product_tag-vitamin-c","16":"entry","17":"has-media","19":"first","20":"instock","21":"taxable","22":"shipping-taxable","23":"purchasable","24":"product-type-simple","25":"col","26":"span_1_of_3","27":"owp-content-center","28":"owp-thumbs-layout-vertical","29":"owp-btn-normal","30":"owp-tabs-layout-horizontal","31":"has-no-thumbnails"},"brands":[{"id":35,"name":"Dermaceutic","slug":"dermaceutic-foamer5-foamer15-yellow-creme-light-ceutic-turn-over-c25-creme"}],"yoast_head":"<!-- This site is optimized with the Yoast SEO plugin v19.8 - https:\/\/yoast.com\/wordpress\/plugins\/seo\/ -->\n<title>Dermaceutic Tri Vita C30 - Sahlst\u00e9n Skin Care Clinic<\/title>\n<meta name=\"description\" content=\"Tri Vita C30 inneh\u00e5ller tre olika sorters\u00a0C-vitamin 30% och med den h\u00f6gsta till\u00e5tna dosen p\u00e5 marknaden. Den innovativa kombinationen av tre former av vitamin C f\u00f6r att n\u00e5 alla hudlager och ge effekt \u00f6ver en l\u00e4ngre tid.\" \/>\n<meta name=\"robots\" content=\"index, follow, max-snippet:-1, max-image-preview:large, max-video-preview:-1\" \/>\n<link rel=\"canonical\" href=\"https:\/\/sahlstenskincare.se\/sahlsten_shop\/produkt\/dermaceutic-tri-vita-c30\/\" \/>\n<meta property=\"og:locale\" content=\"sv_SE\" \/>\n<meta property=\"og:type\" content=\"article\" \/>\n<meta property=\"og:title\" content=\"Dermaceutic Tri Vita C30 - Sahlst\u00e9n Skin Care Clinic\" \/>\n<meta property=\"og:description\" content=\"Tri Vita C30 inneh\u00e5ller tre olika sorters\u00a0C-vitamin 30% och med den h\u00f6gsta till\u00e5tna dosen p\u00e5 marknaden. Den innovativa kombinationen av tre former av vitamin C f\u00f6r att n\u00e5 alla hudlager och ge effekt \u00f6ver en l\u00e4ngre tid.\" \/>\n<meta property=\"og:url\" content=\"https:\/\/sahlstenskincare.se\/sahlsten_shop\/produkt\/dermaceutic-tri-vita-c30\/\" \/>\n<meta property=\"og:site_name\" content=\"Sahlst\u00e9n Skin Care Clinic\" \/>\n<meta property=\"article:modified_time\" content=\"2025-06-04T10:25:58+00:00\" \/>\n<meta property=\"og:image\" content=\"https:\/\/sahlstenskincare.se\/sahlsten_shop\/wp-content\/uploads\/2023\/11\/Tri-Vita-C30-30ml-bottle-1220-scaled.jpg\" \/>\n\t<meta property=\"og:image:width\" content=\"2069\" \/>\n\t<meta property=\"og:image:height\" content=\"2560\" \/>\n\t<meta property=\"og:image:type\" content=\"image\/jpeg\" \/>\n<meta name=\"twitter:card\" content=\"summary_large_image\" \/>\n<meta name=\"twitter:label1\" content=\"Ber\u00e4knad l\u00e4stid\" \/>\n\t<meta name=\"twitter:data1\" content=\"1 minut\" \/>\n<script type=\"application\/ld+json\" class=\"yoast-schema-graph\">{\"@context\":\"https:\/\/schema.org\",\"@graph\":[{\"@type\":\"WebPage\",\"@id\":\"https:\/\/sahlstenskincare.se\/sahlsten_shop\/produkt\/dermaceutic-tri-vita-c30\/\",\"url\":\"https:\/\/sahlstenskincare.se\/sahlsten_shop\/produkt\/dermaceutic-tri-vita-c30\/\",\"name\":\"Dermaceutic Tri Vita C30 - Sahlst\u00e9n Skin Care Clinic\",\"isPartOf\":{\"@id\":\"https:\/\/sahlstenskincare.se\/sahlsten_shop\/#website\"},\"datePublished\":\"2018-10-01T15:09:30+00:00\",\"dateModified\":\"2025-06-04T10:25:58+00:00\",\"description\":\"Tri Vita C30 inneh\u00e5ller tre olika sorters\u00a0C-vitamin 30% och med den h\u00f6gsta till\u00e5tna dosen p\u00e5 marknaden. Den innovativa kombinationen av tre former av vitamin C f\u00f6r att n\u00e5 alla hudlager och ge effekt \u00f6ver en l\u00e4ngre tid.\",\"breadcrumb\":{\"@id\":\"https:\/\/sahlstenskincare.se\/sahlsten_shop\/produkt\/dermaceutic-tri-vita-c30\/#breadcrumb\"},\"inLanguage\":\"sv-SE\",\"potentialAction\":[{\"@type\":\"ReadAction\",\"target\":[\"https:\/\/sahlstenskincare.se\/sahlsten_shop\/produkt\/dermaceutic-tri-vita-c30\/\"]}]},{\"@type\":\"BreadcrumbList\",\"@id\":\"https:\/\/sahlstenskincare.se\/sahlsten_shop\/produkt\/dermaceutic-tri-vita-c30\/#breadcrumb\",\"itemListElement\":[{\"@type\":\"ListItem\",\"position\":1,\"name\":\"Hem\",\"item\":\"https:\/\/sahlstenskincare.se\/sahlsten_shop\/\"},{\"@type\":\"ListItem\",\"position\":2,\"name\":\"Shop\",\"item\":\"https:\/\/sahlstenskincare.se\/sahlsten_shop\/shop\/\"},{\"@type\":\"ListItem\",\"position\":3,\"name\":\"Dermaceutic Tri Vita C30\"}]},{\"@type\":\"WebSite\",\"@id\":\"https:\/\/sahlstenskincare.se\/sahlsten_shop\/#website\",\"url\":\"https:\/\/sahlstenskincare.se\/sahlsten_shop\/\",\"name\":\"Sahlst\u00e9n Skin Care Clinic\",\"description\":\"Professionell och personlig avancerad hudv\u00e5rd p\u00e5 S\u00f6dermalm, Stockholm\",\"publisher\":{\"@id\":\"https:\/\/sahlstenskincare.se\/sahlsten_shop\/#organization\"},\"potentialAction\":[{\"@type\":\"SearchAction\",\"target\":{\"@type\":\"EntryPoint\",\"urlTemplate\":\"https:\/\/sahlstenskincare.se\/sahlsten_shop\/?s={search_term_string}\"},\"query-input\":\"required name=search_term_string\"}],\"inLanguage\":\"sv-SE\"},{\"@type\":\"Organization\",\"@id\":\"https:\/\/sahlstenskincare.se\/sahlsten_shop\/#organization\",\"name\":\"Sahlst\u00e9n skincare\",\"url\":\"https:\/\/sahlstenskincare.se\/sahlsten_shop\/\",\"sameAs\":[],\"logo\":{\"@type\":\"ImageObject\",\"inLanguage\":\"sv-SE\",\"@id\":\"https:\/\/sahlstenskincare.se\/sahlsten_shop\/#\/schema\/logo\/image\/\",\"url\":\"https:\/\/sahlstenskincare.se\/sahlsten_shop\/wp-content\/uploads\/2020\/12\/logo.jpg\",\"contentUrl\":\"https:\/\/sahlstenskincare.se\/sahlsten_shop\/wp-content\/uploads\/2020\/12\/logo.jpg\",\"width\":500,\"height\":500,\"caption\":\"Sahlst\u00e9n skincare\"},\"image\":{\"@id\":\"https:\/\/sahlstenskincare.se\/sahlsten_shop\/#\/schema\/logo\/image\/\"}}]}<\/script>\n<!-- \/ Yoast SEO plugin. -->","yoast_head_json":{"title":"Dermaceutic Tri Vita C30 - Sahlst\u00e9n Skin Care Clinic","description":"Tri Vita C30 inneh\u00e5ller tre olika sorters\u00a0C-vitamin 30% och med den h\u00f6gsta till\u00e5tna dosen p\u00e5 marknaden. Den innovativa kombinationen av tre former av vitamin C f\u00f6r att n\u00e5 alla hudlager och ge effekt \u00f6ver en l\u00e4ngre tid.","robots":{"index":"index","follow":"follow","max-snippet":"max-snippet:-1","max-image-preview":"max-image-preview:large","max-video-preview":"max-video-preview:-1"},"canonical":"https:\/\/sahlstenskincare.se\/sahlsten_shop\/produkt\/dermaceutic-tri-vita-c30\/","og_locale":"sv_SE","og_type":"article","og_title":"Dermaceutic Tri Vita C30 - Sahlst\u00e9n Skin Care Clinic","og_description":"Tri Vita C30 inneh\u00e5ller tre olika sorters\u00a0C-vitamin 30% och med den h\u00f6gsta till\u00e5tna dosen p\u00e5 marknaden. Den innovativa kombinationen av tre former av vitamin C f\u00f6r att n\u00e5 alla hudlager och ge effekt \u00f6ver en l\u00e4ngre tid.","og_url":"https:\/\/sahlstenskincare.se\/sahlsten_shop\/produkt\/dermaceutic-tri-vita-c30\/","og_site_name":"Sahlst\u00e9n Skin Care Clinic","article_modified_time":"2025-06-04T10:25:58+00:00","og_image":[{"width":2069,"height":2560,"url":"https:\/\/sahlstenskincare.se\/sahlsten_shop\/wp-content\/uploads\/2023\/11\/Tri-Vita-C30-30ml-bottle-1220-scaled.jpg","type":"image\/jpeg"}],"twitter_card":"summary_large_image","twitter_misc":{"Ber\u00e4knad l\u00e4stid":"1 minut"},"schema":{"@context":"https:\/\/schema.org","@graph":[{"@type":"WebPage","@id":"https:\/\/sahlstenskincare.se\/sahlsten_shop\/produkt\/dermaceutic-tri-vita-c30\/","url":"https:\/\/sahlstenskincare.se\/sahlsten_shop\/produkt\/dermaceutic-tri-vita-c30\/","name":"Dermaceutic Tri Vita C30 - Sahlst\u00e9n Skin Care Clinic","isPartOf":{"@id":"https:\/\/sahlstenskincare.se\/sahlsten_shop\/#website"},"datePublished":"2018-10-01T15:09:30+00:00","dateModified":"2025-06-04T10:25:58+00:00","description":"Tri Vita C30 inneh\u00e5ller tre olika sorters\u00a0C-vitamin 30% och med den h\u00f6gsta till\u00e5tna dosen p\u00e5 marknaden. Den innovativa kombinationen av tre former av vitamin C f\u00f6r att n\u00e5 alla hudlager och ge effekt \u00f6ver en l\u00e4ngre tid.","breadcrumb":{"@id":"https:\/\/sahlstenskincare.se\/sahlsten_shop\/produkt\/dermaceutic-tri-vita-c30\/#breadcrumb"},"inLanguage":"sv-SE","potentialAction":[{"@type":"ReadAction","target":["https:\/\/sahlstenskincare.se\/sahlsten_shop\/produkt\/dermaceutic-tri-vita-c30\/"]}]},{"@type":"BreadcrumbList","@id":"https:\/\/sahlstenskincare.se\/sahlsten_shop\/produkt\/dermaceutic-tri-vita-c30\/#breadcrumb","itemListElement":[{"@type":"ListItem","position":1,"name":"Hem","item":"https:\/\/sahlstenskincare.se\/sahlsten_shop\/"},{"@type":"ListItem","position":2,"name":"Shop","item":"https:\/\/sahlstenskincare.se\/sahlsten_shop\/shop\/"},{"@type":"ListItem","position":3,"name":"Dermaceutic Tri Vita C30"}]},{"@type":"WebSite","@id":"https:\/\/sahlstenskincare.se\/sahlsten_shop\/#website","url":"https:\/\/sahlstenskincare.se\/sahlsten_shop\/","name":"Sahlst\u00e9n Skin Care Clinic","description":"Professionell och personlig avancerad hudv\u00e5rd p\u00e5 S\u00f6dermalm, Stockholm","publisher":{"@id":"https:\/\/sahlstenskincare.se\/sahlsten_shop\/#organization"},"potentialAction":[{"@type":"SearchAction","target":{"@type":"EntryPoint","urlTemplate":"https:\/\/sahlstenskincare.se\/sahlsten_shop\/?s={search_term_string}"},"query-input":"required name=search_term_string"}],"inLanguage":"sv-SE"},{"@type":"Organization","@id":"https:\/\/sahlstenskincare.se\/sahlsten_shop\/#organization","name":"Sahlst\u00e9n skincare","url":"https:\/\/sahlstenskincare.se\/sahlsten_shop\/","sameAs":[],"logo":{"@type":"ImageObject","inLanguage":"sv-SE","@id":"https:\/\/sahlstenskincare.se\/sahlsten_shop\/#\/schema\/logo\/image\/","url":"https:\/\/sahlstenskincare.se\/sahlsten_shop\/wp-content\/uploads\/2020\/12\/logo.jpg","contentUrl":"https:\/\/sahlstenskincare.se\/sahlsten_shop\/wp-content\/uploads\/2020\/12\/logo.jpg","width":500,"height":500,"caption":"Sahlst\u00e9n skincare"},"image":{"@id":"https:\/\/sahlstenskincare.se\/sahlsten_shop\/#\/schema\/logo\/image\/"}}]}},"_links":{"self":[{"href":"https:\/\/sahlstenskincare.se\/sahlsten_shop\/wp-json\/wp\/v2\/product\/914","targetHints":{"allow":["GET"]}}],"collection":[{"href":"https:\/\/sahlstenskincare.se\/sahlsten_shop\/wp-json\/wp\/v2\/product"}],"about":[{"href":"https:\/\/sahlstenskincare.se\/sahlsten_shop\/wp-json\/wp\/v2\/types\/product"}],"wp:featuredmedia":[{"embeddable":true,"href":"https:\/\/sahlstenskincare.se\/sahlsten_shop\/wp-json\/wp\/v2\/media\/4457"}],"wp:attachment":[{"href":"https:\/\/sahlstenskincare.se\/sahlsten_shop\/wp-json\/wp\/v2\/media?parent=914"}],"wp:term":[{"taxonomy":"product_cat","embeddable":true,"href":"https:\/\/sahlstenskincare.se\/sahlsten_shop\/wp-json\/wp\/v2\/product_cat?post=914"},{"taxonomy":"product_tag","embeddable":true,"href":"https:\/\/sahlstenskincare.se\/sahlsten_shop\/wp-json\/wp\/v2\/product_tag?post=914"}],"curies":[{"name":"wp","href":"https:\/\/api.w.org\/{rel}","templated":true}]}}