{"id":916,"date":"2018-10-01T15:09:30","date_gmt":"2018-10-01T15:09:30","guid":{"rendered":"http:\/\/34.255.161.113\/product\/import-placeholder-for-1569\/"},"modified":"2025-08-16T11:38:45","modified_gmt":"2025-08-16T11:38:45","slug":"916","status":"publish","type":"product","link":"https:\/\/sahlstenskincare.se\/sahlsten_shop\/produkt\/916\/","title":{"rendered":"Thats\u2019so Extra dark on the go spray 125ml"},"content":{"rendered":"<div>\n<p style=\"text-align: left;\">Brun utan sol lotion spray, med en doft av karakteristisk mandel.<\/p>\n<p style=\"text-align: left;\">Ger en gyllene omedelbar solbr\u00e4nna p\u00e5 ansikte och dekolletage, men \u00e4ven p\u00e5 resten av din kropp om s\u00e5 \u00f6nskas utan skadliga UV str\u00e5lar.\u00a0DHA formulan i kombination med en vacker bronzer ger en omedelbar naturlig gyllene brun solbr\u00e4nna. Ger inga fula fl\u00e4ckar n\u00e4r f\u00e4rgen f\u00f6rsvinner. L\u00e4mnar huden mjuk, str\u00e5lande och \u00e5terfuktad. Ger en behaglig doft utan sp\u00e5r av \u201dbrun utan sol \u201d doften. F\u00e4rgen utvecklas efter 3 till 4 timmar. D\u00e4r efter \u00e4r det okej att komma i kontakt med vatten eller svettas.<\/p>\n<p style=\"text-align: left;\"><strong><em>Rekommenderas f\u00f6r ansikte, dekolletage. Applicera p\u00e5 ren hud. H\u00e5ll p\u00e5 ca 20 cm fr\u00e5n det omr\u00e5de som skall behandlas. Om ansiktet ska behandlas b\u00f6rja spraya ovanf\u00f6r huvudet, g\u00e5 i lodr\u00e4ta r\u00f6relser upp och ner ganska snabbt f\u00f6r att undvika \u00f6ver applicering. l\u00e5t omr\u00e5det torka, om det beh\u00f6vs med t.ex en h\u00e5rf\u00f6n.<\/em><\/strong><\/p>\n<p style=\"text-align: left;\">Aktiva ingredienser:<br \/>\nDihydroxiaceton (DHA): n\u00e4r socker reagerar med aminosyror p\u00e5 hudens hornlager, skapas en aggregat som ger huden en gyllenbrun ton. DHA \u00e4r inte alls skadligt och inte har n\u00e5gra biverkningar. F\u00e4rgen \u00e4r tillf\u00e4llig och f\u00f6rsvinner med cellf\u00f6rnyelsen. Hur djup f\u00e4rgen blir avg\u00f6rs av koncentrationen av DHA.\u00a0Aloe (Aloe barbadensis): aloe extrakt med \u00e5terfuktande effekt. Huden blir mjuk och smidig. Andra funktioner \u00e4r: sm\u00e4rtstillande effekt p\u00e5 inflammationer, skyddande effekt p\u00e5 epidermis, l\u00e5ngsiktigt \u00e5terfuktande effekt.<\/p>\n<p style=\"text-align: left;\">\n<\/div>\n","protected":false},"excerpt":{"rendered":"<p>Brun utan sol lotion spray, med en doft av karakteristisk mandel.\u00a0Ger en gyllene omedelbar solbr\u00e4nna p\u00e5 ansikte och dekolletage.<\/p>\n","protected":false},"featured_media":4335,"template":"","meta":[],"product_cat":[598,601,354,311],"product_tag":[203,337,336],"class_list":{"0":"post-916","1":"product","2":"type-product","3":"status-publish","4":"has-post-thumbnail","6":"pwb-brand-thatso-on-the-go-dark-sun-makeup-on-the-go-dark-on-the-go-extra-dark-brun-utan-sol-spray","7":"product_cat-blackweek-sale-20-50-utvalda-produkter-fran-eneomey-dermaceutic-thatso-passa-pa-att-uppgradera-din-hudvard","8":"product_cat-kampanj","9":"product_cat-sol-bus","10":"product_cat-brun-utan-sol","11":"product_tag-brun-utan-sol-lotion-spray","12":"product_tag-sol-spray","13":"product_tag-thatsso-extra-dark-on-the-go-spray","15":"entry","16":"has-media","18":"first","19":"instock","20":"taxable","21":"shipping-taxable","22":"purchasable","23":"product-type-simple","24":"col","25":"span_1_of_3","26":"owp-content-center","27":"owp-thumbs-layout-vertical","28":"owp-btn-normal","29":"owp-tabs-layout-horizontal","30":"has-no-thumbnails"},"brands":[{"id":40,"name":"That'so Sun Make Up","slug":"thatso-on-the-go-dark-sun-makeup-on-the-go-dark-on-the-go-extra-dark-brun-utan-sol-spray"}],"yoast_head":"<!-- This site is optimized with the Yoast SEO plugin v19.8 - https:\/\/yoast.com\/wordpress\/plugins\/seo\/ -->\n<title>Thats\u2019so Extra dark on the go spray 125ml - Sahlst\u00e9n Skin Care Clinic<\/title>\n<meta name=\"description\" content=\"Brun utan sol lotion spray, med en doft av karakteristisk mandel. Ger en gyllene omedelbar solbr\u00e4nna utan skadliga UV str\u00e5lar.\" \/>\n<meta name=\"robots\" content=\"index, follow, max-snippet:-1, max-image-preview:large, max-video-preview:-1\" \/>\n<link rel=\"canonical\" href=\"https:\/\/sahlstenskincare.se\/sahlsten_shop\/produkt\/916\/\" \/>\n<meta property=\"og:locale\" content=\"sv_SE\" \/>\n<meta property=\"og:type\" content=\"article\" \/>\n<meta property=\"og:title\" content=\"Thats\u2019so Extra dark on the go spray 125ml - Sahlst\u00e9n Skin Care Clinic\" \/>\n<meta property=\"og:description\" content=\"Brun utan sol lotion spray, med en doft av karakteristisk mandel. Ger en gyllene omedelbar solbr\u00e4nna utan skadliga UV str\u00e5lar.\" \/>\n<meta property=\"og:url\" content=\"https:\/\/sahlstenskincare.se\/sahlsten_shop\/produkt\/916\/\" \/>\n<meta property=\"og:site_name\" content=\"Sahlst\u00e9n Skin Care Clinic\" \/>\n<meta property=\"article:modified_time\" content=\"2025-08-16T11:38:45+00:00\" \/>\n<meta property=\"og:image\" content=\"https:\/\/sahlstenskincare.se\/sahlsten_shop\/wp-content\/uploads\/2023\/08\/on-the-go-extra-dark.jpg\" \/>\n\t<meta property=\"og:image:width\" content=\"1000\" \/>\n\t<meta property=\"og:image:height\" content=\"1200\" \/>\n\t<meta property=\"og:image:type\" content=\"image\/jpeg\" \/>\n<meta name=\"twitter:card\" content=\"summary_large_image\" \/>\n<meta name=\"twitter:label1\" content=\"Ber\u00e4knad l\u00e4stid\" \/>\n\t<meta name=\"twitter:data1\" content=\"3 minuter\" \/>\n<script type=\"application\/ld+json\" class=\"yoast-schema-graph\">{\"@context\":\"https:\/\/schema.org\",\"@graph\":[{\"@type\":\"WebPage\",\"@id\":\"https:\/\/sahlstenskincare.se\/sahlsten_shop\/produkt\/916\/\",\"url\":\"https:\/\/sahlstenskincare.se\/sahlsten_shop\/produkt\/916\/\",\"name\":\"Thats\u2019so Extra dark on the go spray 125ml - Sahlst\u00e9n Skin Care Clinic\",\"isPartOf\":{\"@id\":\"https:\/\/sahlstenskincare.se\/sahlsten_shop\/#website\"},\"datePublished\":\"2018-10-01T15:09:30+00:00\",\"dateModified\":\"2025-08-16T11:38:45+00:00\",\"description\":\"Brun utan sol lotion spray, med en doft av karakteristisk mandel. Ger en gyllene omedelbar solbr\u00e4nna utan skadliga UV str\u00e5lar.\",\"breadcrumb\":{\"@id\":\"https:\/\/sahlstenskincare.se\/sahlsten_shop\/produkt\/916\/#breadcrumb\"},\"inLanguage\":\"sv-SE\",\"potentialAction\":[{\"@type\":\"ReadAction\",\"target\":[\"https:\/\/sahlstenskincare.se\/sahlsten_shop\/produkt\/916\/\"]}]},{\"@type\":\"BreadcrumbList\",\"@id\":\"https:\/\/sahlstenskincare.se\/sahlsten_shop\/produkt\/916\/#breadcrumb\",\"itemListElement\":[{\"@type\":\"ListItem\",\"position\":1,\"name\":\"Hem\",\"item\":\"https:\/\/sahlstenskincare.se\/sahlsten_shop\/\"},{\"@type\":\"ListItem\",\"position\":2,\"name\":\"Shop\",\"item\":\"https:\/\/sahlstenskincare.se\/sahlsten_shop\/shop\/\"},{\"@type\":\"ListItem\",\"position\":3,\"name\":\"Thats\u2019so Extra dark on the go spray 125ml\"}]},{\"@type\":\"WebSite\",\"@id\":\"https:\/\/sahlstenskincare.se\/sahlsten_shop\/#website\",\"url\":\"https:\/\/sahlstenskincare.se\/sahlsten_shop\/\",\"name\":\"Sahlst\u00e9n Skin Care Clinic\",\"description\":\"Professionell och personlig avancerad hudv\u00e5rd p\u00e5 S\u00f6dermalm, Stockholm\",\"publisher\":{\"@id\":\"https:\/\/sahlstenskincare.se\/sahlsten_shop\/#organization\"},\"potentialAction\":[{\"@type\":\"SearchAction\",\"target\":{\"@type\":\"EntryPoint\",\"urlTemplate\":\"https:\/\/sahlstenskincare.se\/sahlsten_shop\/?s={search_term_string}\"},\"query-input\":\"required name=search_term_string\"}],\"inLanguage\":\"sv-SE\"},{\"@type\":\"Organization\",\"@id\":\"https:\/\/sahlstenskincare.se\/sahlsten_shop\/#organization\",\"name\":\"Sahlst\u00e9n skincare\",\"url\":\"https:\/\/sahlstenskincare.se\/sahlsten_shop\/\",\"sameAs\":[],\"logo\":{\"@type\":\"ImageObject\",\"inLanguage\":\"sv-SE\",\"@id\":\"https:\/\/sahlstenskincare.se\/sahlsten_shop\/#\/schema\/logo\/image\/\",\"url\":\"https:\/\/sahlstenskincare.se\/sahlsten_shop\/wp-content\/uploads\/2020\/12\/logo.jpg\",\"contentUrl\":\"https:\/\/sahlstenskincare.se\/sahlsten_shop\/wp-content\/uploads\/2020\/12\/logo.jpg\",\"width\":500,\"height\":500,\"caption\":\"Sahlst\u00e9n skincare\"},\"image\":{\"@id\":\"https:\/\/sahlstenskincare.se\/sahlsten_shop\/#\/schema\/logo\/image\/\"}}]}<\/script>\n<!-- \/ Yoast SEO plugin. -->","yoast_head_json":{"title":"Thats\u2019so Extra dark on the go spray 125ml - Sahlst\u00e9n Skin Care Clinic","description":"Brun utan sol lotion spray, med en doft av karakteristisk mandel. Ger en gyllene omedelbar solbr\u00e4nna utan skadliga UV str\u00e5lar.","robots":{"index":"index","follow":"follow","max-snippet":"max-snippet:-1","max-image-preview":"max-image-preview:large","max-video-preview":"max-video-preview:-1"},"canonical":"https:\/\/sahlstenskincare.se\/sahlsten_shop\/produkt\/916\/","og_locale":"sv_SE","og_type":"article","og_title":"Thats\u2019so Extra dark on the go spray 125ml - Sahlst\u00e9n Skin Care Clinic","og_description":"Brun utan sol lotion spray, med en doft av karakteristisk mandel. Ger en gyllene omedelbar solbr\u00e4nna utan skadliga UV str\u00e5lar.","og_url":"https:\/\/sahlstenskincare.se\/sahlsten_shop\/produkt\/916\/","og_site_name":"Sahlst\u00e9n Skin Care Clinic","article_modified_time":"2025-08-16T11:38:45+00:00","og_image":[{"width":1000,"height":1200,"url":"https:\/\/sahlstenskincare.se\/sahlsten_shop\/wp-content\/uploads\/2023\/08\/on-the-go-extra-dark.jpg","type":"image\/jpeg"}],"twitter_card":"summary_large_image","twitter_misc":{"Ber\u00e4knad l\u00e4stid":"3 minuter"},"schema":{"@context":"https:\/\/schema.org","@graph":[{"@type":"WebPage","@id":"https:\/\/sahlstenskincare.se\/sahlsten_shop\/produkt\/916\/","url":"https:\/\/sahlstenskincare.se\/sahlsten_shop\/produkt\/916\/","name":"Thats\u2019so Extra dark on the go spray 125ml - Sahlst\u00e9n Skin Care Clinic","isPartOf":{"@id":"https:\/\/sahlstenskincare.se\/sahlsten_shop\/#website"},"datePublished":"2018-10-01T15:09:30+00:00","dateModified":"2025-08-16T11:38:45+00:00","description":"Brun utan sol lotion spray, med en doft av karakteristisk mandel. Ger en gyllene omedelbar solbr\u00e4nna utan skadliga UV str\u00e5lar.","breadcrumb":{"@id":"https:\/\/sahlstenskincare.se\/sahlsten_shop\/produkt\/916\/#breadcrumb"},"inLanguage":"sv-SE","potentialAction":[{"@type":"ReadAction","target":["https:\/\/sahlstenskincare.se\/sahlsten_shop\/produkt\/916\/"]}]},{"@type":"BreadcrumbList","@id":"https:\/\/sahlstenskincare.se\/sahlsten_shop\/produkt\/916\/#breadcrumb","itemListElement":[{"@type":"ListItem","position":1,"name":"Hem","item":"https:\/\/sahlstenskincare.se\/sahlsten_shop\/"},{"@type":"ListItem","position":2,"name":"Shop","item":"https:\/\/sahlstenskincare.se\/sahlsten_shop\/shop\/"},{"@type":"ListItem","position":3,"name":"Thats\u2019so Extra dark on the go spray 125ml"}]},{"@type":"WebSite","@id":"https:\/\/sahlstenskincare.se\/sahlsten_shop\/#website","url":"https:\/\/sahlstenskincare.se\/sahlsten_shop\/","name":"Sahlst\u00e9n Skin Care Clinic","description":"Professionell och personlig avancerad hudv\u00e5rd p\u00e5 S\u00f6dermalm, Stockholm","publisher":{"@id":"https:\/\/sahlstenskincare.se\/sahlsten_shop\/#organization"},"potentialAction":[{"@type":"SearchAction","target":{"@type":"EntryPoint","urlTemplate":"https:\/\/sahlstenskincare.se\/sahlsten_shop\/?s={search_term_string}"},"query-input":"required name=search_term_string"}],"inLanguage":"sv-SE"},{"@type":"Organization","@id":"https:\/\/sahlstenskincare.se\/sahlsten_shop\/#organization","name":"Sahlst\u00e9n skincare","url":"https:\/\/sahlstenskincare.se\/sahlsten_shop\/","sameAs":[],"logo":{"@type":"ImageObject","inLanguage":"sv-SE","@id":"https:\/\/sahlstenskincare.se\/sahlsten_shop\/#\/schema\/logo\/image\/","url":"https:\/\/sahlstenskincare.se\/sahlsten_shop\/wp-content\/uploads\/2020\/12\/logo.jpg","contentUrl":"https:\/\/sahlstenskincare.se\/sahlsten_shop\/wp-content\/uploads\/2020\/12\/logo.jpg","width":500,"height":500,"caption":"Sahlst\u00e9n skincare"},"image":{"@id":"https:\/\/sahlstenskincare.se\/sahlsten_shop\/#\/schema\/logo\/image\/"}}]}},"_links":{"self":[{"href":"https:\/\/sahlstenskincare.se\/sahlsten_shop\/wp-json\/wp\/v2\/product\/916","targetHints":{"allow":["GET"]}}],"collection":[{"href":"https:\/\/sahlstenskincare.se\/sahlsten_shop\/wp-json\/wp\/v2\/product"}],"about":[{"href":"https:\/\/sahlstenskincare.se\/sahlsten_shop\/wp-json\/wp\/v2\/types\/product"}],"wp:featuredmedia":[{"embeddable":true,"href":"https:\/\/sahlstenskincare.se\/sahlsten_shop\/wp-json\/wp\/v2\/media\/4335"}],"wp:attachment":[{"href":"https:\/\/sahlstenskincare.se\/sahlsten_shop\/wp-json\/wp\/v2\/media?parent=916"}],"wp:term":[{"taxonomy":"product_cat","embeddable":true,"href":"https:\/\/sahlstenskincare.se\/sahlsten_shop\/wp-json\/wp\/v2\/product_cat?post=916"},{"taxonomy":"product_tag","embeddable":true,"href":"https:\/\/sahlstenskincare.se\/sahlsten_shop\/wp-json\/wp\/v2\/product_tag?post=916"}],"curies":[{"name":"wp","href":"https:\/\/api.w.org\/{rel}","templated":true}]}}